{"id":4,"date":"2021-09-02T11:37:25","date_gmt":"2021-09-02T09:37:25","guid":{"rendered":"http:\/\/restaurant7emevin.fr\/?page_id=4"},"modified":"2025-07-27T13:43:07","modified_gmt":"2025-07-27T11:43:07","slug":"site-en-construction","status":"publish","type":"page","link":"https:\/\/restaurant7emevin.fr\/index.php\/site-en-construction\/","title":{"rendered":"Site en construction"},"content":{"rendered":"<div id=\"sp-page\" class=\"spBgcover sp-content-4\" style=\"background-color: rgb(255, 255, 255); font-family: 'Helvetica Neue', Arial, sans-serif; font-weight: 400;\">\n<section id=\"sp-ks8a8s\" class=\"sp-el-section \" style=\"width: 600px; max-width: 100%; padding: 10px;\">\n<div id=\"sp-vw3kvy\" class=\"sp-el-row sm:sp-flex sp-justify-between sp-w-full  sp-m-auto\" style=\"padding: 0px; width: auto; max-width: 1000px;\">\n<div id=\"sp-ggzp6w\" class=\"sp-el-col sp-p-4  sp-w-full\" style=\"width: calc(100% - 0px); padding: 10px;\">\n<figure id=\"sp-brhhwi\" class=\"sp-image-wrapper\" style=\"margin-top: 0px; padding: 10px; text-align: center;\"><span><img decoding=\"async\" src=\"https:\/\/restaurant7emevin.fr\/wp-content\/uploads\/2021\/09\/7emeVin_Logo_RVB_Plan-de-travail-1.png\" alt=\"\" data-mobile-visibility=\".sp-image-block-brhhwi|false\" data-desktop-visibility=\".sp-image-block-brhhwi|false\" class=\"sp-image-block-brhhwi\" srcset=\" https:\/\/restaurant7emevin.fr\/wp-content\/uploads\/2021\/09\/7emeVin_Logo_RVB_Plan-de-travail-1-150x150.png 150w, https:\/\/restaurant7emevin.fr\/wp-content\/uploads\/2021\/09\/7emeVin_Logo_RVB_Plan-de-travail-1-300x166.png 300w, https:\/\/restaurant7emevin.fr\/wp-content\/uploads\/2021\/09\/7emeVin_Logo_RVB_Plan-de-travail-1-1024x566.png 580w, https:\/\/restaurant7emevin.fr\/wp-content\/uploads\/2021\/09\/7emeVin_Logo_RVB_Plan-de-travail-1.png 3133w\" style=\"width: 480px;\"><\/span><\/figure>\n<h1 id=\"sp-jkhbii\" data-mobile-css=\"\" data-mobile-visibility=\".sp-headline-block-jkhbii|false\" data-desktop-visibility=\".sp-headline-block-jkhbii|false\" class=\"sp-css-target sp-headline-block-jkhbii\" style=\"font-size: 44px; font-weight: bold; font-family: Oswald; color: rgb(50, 27, 38); text-align: center; padding: 10px; margin-top: 0px;\">Site en construction<\/h1>\n<div id=\"tiny-vue_92848761531630575378410\" data-mobile-css=\"\" data-mobile-visibility=\".sp-text-wrapper-jdj1i9|false\" data-desktop-visibility=\".sp-text-wrapper-jdj1i9|false\" class=\"sp-css-target sp-text-wrapper sp-text-wrapper-jdj1i9 mce-content-body html4-captions\"  style=\"font-size: 16px; color: rgb(50, 27, 38); padding: 10px; margin-top: 0px; text-align: center; position: relative;\" >\n<p><span class=\"LrzXr\">68 Av. Bosquet, 75007 Paris<br \/>01 45 51 15 97<br \/><\/span><\/p>\n<\/div>\n<\/div>\n<\/div>\n<\/section>\n<\/div>\n","protected":false},"excerpt":{"rendered":"<p>Site en construction 68 Av. Bosquet, 75007 Paris01 45 51 15 97<\/p>\n","protected":false},"author":1,"featured_media":0,"parent":0,"menu_order":0,"comment_status":"closed","ping_status":"closed","template":"","meta":{"footnotes":""},"class_list":["post-4","page","type-page","status-publish","hentry"],"yoast_head":"<!-- This site is optimized with the Yoast SEO plugin v27.1.1 - https:\/\/yoast.com\/product\/yoast-seo-wordpress\/ -->\n<title>Site en construction 7eme Vin<\/title>\n<meta name=\"description\" content=\"Passionn\u00e9 par le terroir fran\u00e7ais et sa Sologne natale, Herv\u00e9 vous fait red\u00e9couvrir une cuisine traditionnelle enti\u00e8rement faite maison ! Des produits frais, des plats vari\u00e9s, venez profiter de la richesse des go\u00fbts de nos r\u00e9gions.\" \/>\n<meta name=\"robots\" content=\"noindex, nofollow\" \/>\n<meta property=\"og:locale\" content=\"fr_FR\" \/>\n<meta property=\"og:type\" content=\"article\" \/>\n<meta property=\"og:title\" content=\"Site en construction 7eme Vin\" \/>\n<meta property=\"og:description\" content=\"Passionn\u00e9 par le terroir fran\u00e7ais et sa Sologne natale, Herv\u00e9 vous fait red\u00e9couvrir une cuisine traditionnelle enti\u00e8rement faite maison ! Des produits frais, des plats vari\u00e9s, venez profiter de la richesse des go\u00fbts de nos r\u00e9gions.\" \/>\n<meta property=\"og:url\" content=\"https:\/\/restaurant7emevin.fr\/index.php\/site-en-construction\/\" \/>\n<meta property=\"og:site_name\" content=\"7eme Vin\" \/>\n<meta property=\"article:modified_time\" content=\"2025-07-27T11:43:07+00:00\" \/>\n<meta property=\"og:image\" content=\"http:\/\/restaurant7emevin.fr\/wp-content\/uploads\/2021\/09\/7emeVin_Logo_RVB_Plan-de-travail-1.png\" \/>\n<meta name=\"twitter:card\" content=\"summary_large_image\" \/>\n<meta name=\"twitter:label1\" content=\"Dur\u00e9e de lecture estim\u00e9e\" \/>\n\t<meta name=\"twitter:data1\" content=\"1 minute\" \/>\n<script type=\"application\/ld+json\" class=\"yoast-schema-graph\">{\"@context\":\"https:\/\/schema.org\",\"@graph\":[{\"@type\":\"WebPage\",\"@id\":\"https:\/\/restaurant7emevin.fr\/index.php\/site-en-construction\/\",\"url\":\"https:\/\/restaurant7emevin.fr\/index.php\/site-en-construction\/\",\"name\":\"Site en construction 7eme Vin\",\"isPartOf\":{\"@id\":\"https:\/\/restaurant7emevin.fr\/#website\"},\"primaryImageOfPage\":{\"@id\":\"https:\/\/restaurant7emevin.fr\/index.php\/site-en-construction\/#primaryimage\"},\"image\":{\"@id\":\"https:\/\/restaurant7emevin.fr\/index.php\/site-en-construction\/#primaryimage\"},\"thumbnailUrl\":\"http:\/\/restaurant7emevin.fr\/wp-content\/uploads\/2021\/09\/7emeVin_Logo_RVB_Plan-de-travail-1.png\",\"datePublished\":\"2021-09-02T09:37:25+00:00\",\"dateModified\":\"2025-07-27T11:43:07+00:00\",\"description\":\"Passionn\u00e9 par le terroir fran\u00e7ais et sa Sologne natale, Herv\u00e9 vous fait red\u00e9couvrir une cuisine traditionnelle enti\u00e8rement faite maison ! Des produits frais, des plats vari\u00e9s, venez profiter de la richesse des go\u00fbts de nos r\u00e9gions.\",\"breadcrumb\":{\"@id\":\"https:\/\/restaurant7emevin.fr\/index.php\/site-en-construction\/#breadcrumb\"},\"inLanguage\":\"fr-FR\",\"potentialAction\":[{\"@type\":\"ReadAction\",\"target\":[\"https:\/\/restaurant7emevin.fr\/index.php\/site-en-construction\/\"]}]},{\"@type\":\"ImageObject\",\"inLanguage\":\"fr-FR\",\"@id\":\"https:\/\/restaurant7emevin.fr\/index.php\/site-en-construction\/#primaryimage\",\"url\":\"http:\/\/restaurant7emevin.fr\/wp-content\/uploads\/2021\/09\/7emeVin_Logo_RVB_Plan-de-travail-1.png\",\"contentUrl\":\"http:\/\/restaurant7emevin.fr\/wp-content\/uploads\/2021\/09\/7emeVin_Logo_RVB_Plan-de-travail-1.png\"},{\"@type\":\"BreadcrumbList\",\"@id\":\"https:\/\/restaurant7emevin.fr\/index.php\/site-en-construction\/#breadcrumb\",\"itemListElement\":[{\"@type\":\"ListItem\",\"position\":1,\"name\":\"Accueil\",\"item\":\"https:\/\/restaurant7emevin.fr\/\"},{\"@type\":\"ListItem\",\"position\":2,\"name\":\"Site en construction\"}]},{\"@type\":\"WebSite\",\"@id\":\"https:\/\/restaurant7emevin.fr\/#website\",\"url\":\"https:\/\/restaurant7emevin.fr\/\",\"name\":\"7eme Vin\",\"description\":\"\",\"publisher\":{\"@id\":\"https:\/\/restaurant7emevin.fr\/#organization\"},\"potentialAction\":[{\"@type\":\"SearchAction\",\"target\":{\"@type\":\"EntryPoint\",\"urlTemplate\":\"https:\/\/restaurant7emevin.fr\/?s={search_term_string}\"},\"query-input\":{\"@type\":\"PropertyValueSpecification\",\"valueRequired\":true,\"valueName\":\"search_term_string\"}}],\"inLanguage\":\"fr-FR\"},{\"@type\":\"Organization\",\"@id\":\"https:\/\/restaurant7emevin.fr\/#organization\",\"name\":\"Le 7e vin\",\"url\":\"https:\/\/restaurant7emevin.fr\/\",\"logo\":{\"@type\":\"ImageObject\",\"inLanguage\":\"fr-FR\",\"@id\":\"https:\/\/restaurant7emevin.fr\/#\/schema\/logo\/image\/\",\"url\":\"https:\/\/restaurant7emevin.fr\/wp-content\/uploads\/2021\/09\/7emeVin_Logo_RVB_Plan-de-travail-1-1024x566-1.png\",\"contentUrl\":\"https:\/\/restaurant7emevin.fr\/wp-content\/uploads\/2021\/09\/7emeVin_Logo_RVB_Plan-de-travail-1-1024x566-1.png\",\"width\":1024,\"height\":566,\"caption\":\"Le 7e vin\"},\"image\":{\"@id\":\"https:\/\/restaurant7emevin.fr\/#\/schema\/logo\/image\/\"}}]}<\/script>\n<!-- \/ Yoast SEO plugin. -->","yoast_head_json":{"title":"Site en construction 7eme Vin","description":"Passionn\u00e9 par le terroir fran\u00e7ais et sa Sologne natale, Herv\u00e9 vous fait red\u00e9couvrir une cuisine traditionnelle enti\u00e8rement faite maison ! Des produits frais, des plats vari\u00e9s, venez profiter de la richesse des go\u00fbts de nos r\u00e9gions.","robots":{"index":"noindex","follow":"nofollow"},"og_locale":"fr_FR","og_type":"article","og_title":"Site en construction 7eme Vin","og_description":"Passionn\u00e9 par le terroir fran\u00e7ais et sa Sologne natale, Herv\u00e9 vous fait red\u00e9couvrir une cuisine traditionnelle enti\u00e8rement faite maison ! Des produits frais, des plats vari\u00e9s, venez profiter de la richesse des go\u00fbts de nos r\u00e9gions.","og_url":"https:\/\/restaurant7emevin.fr\/index.php\/site-en-construction\/","og_site_name":"7eme Vin","article_modified_time":"2025-07-27T11:43:07+00:00","og_image":[{"url":"http:\/\/restaurant7emevin.fr\/wp-content\/uploads\/2021\/09\/7emeVin_Logo_RVB_Plan-de-travail-1.png","type":"","width":"","height":""}],"twitter_card":"summary_large_image","twitter_misc":{"Dur\u00e9e de lecture estim\u00e9e":"1 minute"},"schema":{"@context":"https:\/\/schema.org","@graph":[{"@type":"WebPage","@id":"https:\/\/restaurant7emevin.fr\/index.php\/site-en-construction\/","url":"https:\/\/restaurant7emevin.fr\/index.php\/site-en-construction\/","name":"Site en construction 7eme Vin","isPartOf":{"@id":"https:\/\/restaurant7emevin.fr\/#website"},"primaryImageOfPage":{"@id":"https:\/\/restaurant7emevin.fr\/index.php\/site-en-construction\/#primaryimage"},"image":{"@id":"https:\/\/restaurant7emevin.fr\/index.php\/site-en-construction\/#primaryimage"},"thumbnailUrl":"http:\/\/restaurant7emevin.fr\/wp-content\/uploads\/2021\/09\/7emeVin_Logo_RVB_Plan-de-travail-1.png","datePublished":"2021-09-02T09:37:25+00:00","dateModified":"2025-07-27T11:43:07+00:00","description":"Passionn\u00e9 par le terroir fran\u00e7ais et sa Sologne natale, Herv\u00e9 vous fait red\u00e9couvrir une cuisine traditionnelle enti\u00e8rement faite maison ! Des produits frais, des plats vari\u00e9s, venez profiter de la richesse des go\u00fbts de nos r\u00e9gions.","breadcrumb":{"@id":"https:\/\/restaurant7emevin.fr\/index.php\/site-en-construction\/#breadcrumb"},"inLanguage":"fr-FR","potentialAction":[{"@type":"ReadAction","target":["https:\/\/restaurant7emevin.fr\/index.php\/site-en-construction\/"]}]},{"@type":"ImageObject","inLanguage":"fr-FR","@id":"https:\/\/restaurant7emevin.fr\/index.php\/site-en-construction\/#primaryimage","url":"http:\/\/restaurant7emevin.fr\/wp-content\/uploads\/2021\/09\/7emeVin_Logo_RVB_Plan-de-travail-1.png","contentUrl":"http:\/\/restaurant7emevin.fr\/wp-content\/uploads\/2021\/09\/7emeVin_Logo_RVB_Plan-de-travail-1.png"},{"@type":"BreadcrumbList","@id":"https:\/\/restaurant7emevin.fr\/index.php\/site-en-construction\/#breadcrumb","itemListElement":[{"@type":"ListItem","position":1,"name":"Accueil","item":"https:\/\/restaurant7emevin.fr\/"},{"@type":"ListItem","position":2,"name":"Site en construction"}]},{"@type":"WebSite","@id":"https:\/\/restaurant7emevin.fr\/#website","url":"https:\/\/restaurant7emevin.fr\/","name":"7eme Vin","description":"","publisher":{"@id":"https:\/\/restaurant7emevin.fr\/#organization"},"potentialAction":[{"@type":"SearchAction","target":{"@type":"EntryPoint","urlTemplate":"https:\/\/restaurant7emevin.fr\/?s={search_term_string}"},"query-input":{"@type":"PropertyValueSpecification","valueRequired":true,"valueName":"search_term_string"}}],"inLanguage":"fr-FR"},{"@type":"Organization","@id":"https:\/\/restaurant7emevin.fr\/#organization","name":"Le 7e vin","url":"https:\/\/restaurant7emevin.fr\/","logo":{"@type":"ImageObject","inLanguage":"fr-FR","@id":"https:\/\/restaurant7emevin.fr\/#\/schema\/logo\/image\/","url":"https:\/\/restaurant7emevin.fr\/wp-content\/uploads\/2021\/09\/7emeVin_Logo_RVB_Plan-de-travail-1-1024x566-1.png","contentUrl":"https:\/\/restaurant7emevin.fr\/wp-content\/uploads\/2021\/09\/7emeVin_Logo_RVB_Plan-de-travail-1-1024x566-1.png","width":1024,"height":566,"caption":"Le 7e vin"},"image":{"@id":"https:\/\/restaurant7emevin.fr\/#\/schema\/logo\/image\/"}}]}},"_links":{"self":[{"href":"https:\/\/restaurant7emevin.fr\/index.php\/wp-json\/wp\/v2\/pages\/4","targetHints":{"allow":["GET"]}}],"collection":[{"href":"https:\/\/restaurant7emevin.fr\/index.php\/wp-json\/wp\/v2\/pages"}],"about":[{"href":"https:\/\/restaurant7emevin.fr\/index.php\/wp-json\/wp\/v2\/types\/page"}],"author":[{"embeddable":true,"href":"https:\/\/restaurant7emevin.fr\/index.php\/wp-json\/wp\/v2\/users\/1"}],"replies":[{"embeddable":true,"href":"https:\/\/restaurant7emevin.fr\/index.php\/wp-json\/wp\/v2\/comments?post=4"}],"version-history":[{"count":3,"href":"https:\/\/restaurant7emevin.fr\/index.php\/wp-json\/wp\/v2\/pages\/4\/revisions"}],"predecessor-version":[{"id":8,"href":"https:\/\/restaurant7emevin.fr\/index.php\/wp-json\/wp\/v2\/pages\/4\/revisions\/8"}],"wp:attachment":[{"href":"https:\/\/restaurant7emevin.fr\/index.php\/wp-json\/wp\/v2\/media?parent=4"}],"curies":[{"name":"wp","href":"https:\/\/api.w.org\/{rel}","templated":true}]}}